
{"id":16,"date":"2017-11-21T14:42:46","date_gmt":"2017-11-21T13:42:46","guid":{"rendered":"https:\/\/przedszkole1.edu.wroclaw.pl\/?page_id=16"},"modified":"2025-08-07T13:38:04","modified_gmt":"2025-08-07T11:38:04","slug":"strona-glowna","status":"publish","type":"page","link":"https:\/\/przedszkole1.edu.wroclaw.pl\/","title":{"rendered":"Strona g\u0142\u00f3wna"},"content":{"rendered":"<div class=\"wpb-content-wrapper\"><p>[vc_row full_width=&#8221;stretch_row&#8221; bg_style=&#8221;img_fixed&#8221; overlay_row=&#8221;yes&#8221; css=&#8221;.vc_custom_1649318279055{background-color: #960028 !important;background-position: center !important;background-repeat: no-repeat !important;background-size: cover !important;}&#8221; overlay_color=&#8221;#960028&#8243; overlay_opacity=&#8221;0,9&#8243;][vc_column][vc_row_inner][vc_column_inner width=&#8221;1\/3&#8243; animation=&#8221;fade-in&#8221; text_align=&#8221;center&#8221; font_color=&#8221;#ffffff&#8221;][vc_icon icon_fontawesome=&#8221;fa fa-solid fa-certificate&#8221; color=&#8221;white&#8221; size=&#8221;lg&#8221; align=&#8221;center&#8221; css=&#8221;&#8221;][vc_column_text css_animation=&#8221;appear&#8221; css=&#8221;&#8221;]<\/p>\n<p style=\"text-align: center;\"><strong><span style=\"font-size: 24pt; color: #ffffff;\">BEZPIECZE\u0143STWO<\/span><\/strong><\/p>\n<p style=\"text-align: center;\"><span style=\"font-size: 14pt;\"><span style=\"color: #ffffff; font-family: georgia, palatino;\">bezpiecze\u0144stwo naszych ma\u0142ych podopiecznych<\/span> <span style=\"color: #ffffff; font-family: georgia, palatino;\">jest dla nas najwa\u017cniejsze<\/span><\/span><\/p>\n<p>[\/vc_column_text][\/vc_column_inner][vc_column_inner width=&#8221;1\/3&#8243; text_align=&#8221;center&#8221; font_color=&#8221;#ffffff&#8221;][vc_icon icon_fontawesome=&#8221;fa fa-solid fa-hand-holding-heart&#8221; color=&#8221;white&#8221; size=&#8221;lg&#8221; align=&#8221;center&#8221; css=&#8221;&#8221;][vc_column_text css_animation=&#8221;appear&#8221; css=&#8221;&#8221;]<\/p>\n<p style=\"text-align: center;\"><strong><span style=\"font-size: 24pt; color: #ffffff;\">ZDROWIE<\/span><\/strong><\/p>\n<p style=\"text-align: center;\"><span style=\"font-size: 14pt;\"><span style=\"color: #ffffff;\">mamy w\u0142asn\u0105 kuchni\u0119 ze zdrowym \u017cywieniem <\/span><span style=\"color: #ffffff;\">bierzemy udzia\u0142 w projektach promuj\u0105cych zdrowie<\/span><\/span><\/p>\n<p>[\/vc_column_text][\/vc_column_inner][vc_column_inner width=&#8221;1\/3&#8243; animation=&#8221;fade-in&#8221; text_align=&#8221;center&#8221; font_color=&#8221;#ffffff&#8221;][vc_icon icon_fontawesome=&#8221;fa fa-solid fa-pencil&#8221; color=&#8221;white&#8221; size=&#8221;lg&#8221; align=&#8221;center&#8221; css=&#8221;&#8221;][vc_column_text css_animation=&#8221;appear&#8221; css=&#8221;&#8221;]<\/p>\n<p style=\"text-align: center;\"><strong><span style=\"font-size: 24pt; color: #ffffff;\">ARTYZM<\/span><\/strong><\/p>\n<p style=\"text-align: center;\"><span style=\"font-size: 14pt;\"><span style=\"color: #ffffff;\">jeste\u015bmy przedszkolem artystycznym <\/span><span style=\"color: #ffffff;\">stawiamy na potencja\u0142 tw\u00f3rczy przedszkolak\u00f3w<\/span><\/span><\/p>\n<p>[\/vc_column_text][\/vc_column_inner][\/vc_row_inner][\/vc_column][\/vc_row][vc_row][vc_column][vc_column_text]<\/p>\n<h2 style=\"text-align: center;\"><span style=\"font-size: 24pt;\">Aktualno\u015bci<\/span><\/h2>\n<p>[\/vc_column_text][vc_separator color=&#8221;custom&#8221; border_width=&#8221;4&#8243; el_width=&#8221;30&#8243; css_animation=&#8221;bounceInLeft&#8221; css=&#8221;.vc_custom_1649328135904{margin-top: -30px !important;}&#8221; custom_sparator_width=&#8221;260px&#8221; accent_color=&#8221;#960028&#8243;][vc_basic_grid post_type=&#8221;post&#8221; max_items=&#8221;6&#8243; grid_id=&#8221;vc_gid:1754566597555-dcdf93d1-2618-6&#8243; taxonomies=&#8221;3&#8243;][\/vc_column][\/vc_row][vc_row][vc_column][vc_empty_space][vc_single_image image=&#8221;860&#8243; img_size=&#8221;full&#8221; alignment=&#8221;center&#8221; style=&#8221;vc_box_rounded&#8221; onclick=&#8221;custom_link&#8221; css_animation=&#8221;bounceInDown&#8221; link=&#8221;http:\/\/mali-wspaniali.pl&#8221;][\/vc_column][\/vc_row]<\/p>\n<\/div>","protected":false},"excerpt":{"rendered":"<p>[vc_row full_width=&#8221;stretch_row&#8221; bg_style=&#8221;img_fixed&#8221; overlay_row=&#8221;yes&#8221; css=&#8221;.vc_custom_1649318279055{background-color: #960028 !important;background-position: center !important;background-repeat: no-repeat !important;background-size: cover !important;}&#8221; overlay_color=&#8221;#960028&#8243; overlay_opacity=&#8221;0,9&#8243;][vc_column][vc_row_inner][vc_column_inner width=&#8221;1\/3&#8243; animation=&#8221;fade-in&#8221; text_align=&#8221;center&#8221; font_color=&#8221;#ffffff&#8221;][vc_icon icon_fontawesome=&#8221;fa fa-solid fa-certificate&#8221; color=&#8221;white&#8221; size=&#8221;lg&#8221; align=&#8221;center&#8221; css=&#8221;&#8221;][vc_column_text css_animation=&#8221;appear&#8221; css=&#8221;&#8221;] BEZPIECZE\u0143STWO bezpiecze\u0144stwo [&hellip;]<\/p>\n","protected":false},"author":15,"featured_media":0,"parent":0,"menu_order":0,"comment_status":"closed","ping_status":"closed","template":"","meta":{"ngg_post_thumbnail":0,"footnotes":""},"class_list":["post-16","page","type-page","status-publish","hentry","clearfix"],"_links":{"self":[{"href":"https:\/\/przedszkole1.edu.wroclaw.pl\/index.php\/wp-json\/wp\/v2\/pages\/16","targetHints":{"allow":["GET"]}}],"collection":[{"href":"https:\/\/przedszkole1.edu.wroclaw.pl\/index.php\/wp-json\/wp\/v2\/pages"}],"about":[{"href":"https:\/\/przedszkole1.edu.wroclaw.pl\/index.php\/wp-json\/wp\/v2\/types\/page"}],"author":[{"embeddable":true,"href":"https:\/\/przedszkole1.edu.wroclaw.pl\/index.php\/wp-json\/wp\/v2\/users\/15"}],"replies":[{"embeddable":true,"href":"https:\/\/przedszkole1.edu.wroclaw.pl\/index.php\/wp-json\/wp\/v2\/comments?post=16"}],"version-history":[{"count":103,"href":"https:\/\/przedszkole1.edu.wroclaw.pl\/index.php\/wp-json\/wp\/v2\/pages\/16\/revisions"}],"predecessor-version":[{"id":4277,"href":"https:\/\/przedszkole1.edu.wroclaw.pl\/index.php\/wp-json\/wp\/v2\/pages\/16\/revisions\/4277"}],"wp:attachment":[{"href":"https:\/\/przedszkole1.edu.wroclaw.pl\/index.php\/wp-json\/wp\/v2\/media?parent=16"}],"curies":[{"name":"wp","href":"https:\/\/api.w.org\/{rel}","templated":true}]}}