
{"id":2390,"date":"2022-03-31T10:08:15","date_gmt":"2022-03-31T08:08:15","guid":{"rendered":"https:\/\/przedszkole1.edu.wroclaw.pl\/?page_id=2390"},"modified":"2026-01-28T09:58:54","modified_gmt":"2026-01-28T08:58:54","slug":"wazne-informacje","status":"publish","type":"page","link":"https:\/\/przedszkole1.edu.wroclaw.pl\/index.php\/strefa-rodzica\/wazne-informacje\/","title":{"rendered":"Wa\u017cne informacje"},"content":{"rendered":"<div class=\"wpb-content-wrapper\"><p>[vc_row][vc_column][vc_column_text css=&#8221;&#8221;]<a href=\"https:\/\/przedszkole1.edu.wroclaw.pl\/wp-content\/uploads\/sites\/34\/2022\/04\/Dzieci-nowo-przyjete.pdf\"><span style=\"font-size: 18pt\">Dzieci nowo przyj\u0119te<\/span><\/a><\/p>\n<p><span style=\"font-size: 18pt\"><a href=\"https:\/\/przedszkole1.edu.wroclaw.pl\/wp-content\/uploads\/sites\/34\/2024\/08\/Procedury-ochrony-maloletnich-P1-2.pdf\">Procedury ochrony ma\u0142oletnich P1 <\/a><\/span><\/p>\n<p><span style=\"font-size: 14pt\"><a href=\"https:\/\/przedszkole1.edu.wroclaw.pl\/wp-content\/uploads\/sites\/34\/2026\/01\/KSeF-wystawianie-faktur-dla-Prz-edszkola-nr-1-Planeta-Usmiechu.pdf\">KSeF &#8211; wystawianie faktur dla Prz edszkola nr 1 Planeta U\u015bmiechu<\/a><\/span>[\/vc_column_text][\/vc_column][\/vc_row]<\/p>\n<\/div>","protected":false},"excerpt":{"rendered":"<p>[vc_row][vc_column][vc_column_text css=&#8221;&#8221;]Dzieci nowo przyj\u0119te Procedury ochrony ma\u0142oletnich P1 KSeF &#8211; wystawianie faktur dla Prz edszkola nr 1 Planeta U\u015bmiechu[\/vc_column_text][\/vc_column][\/vc_row]<\/p>\n","protected":false},"author":72,"featured_media":0,"parent":74,"menu_order":0,"comment_status":"closed","ping_status":"closed","template":"","meta":{"ngg_post_thumbnail":0,"footnotes":""},"class_list":["post-2390","page","type-page","status-publish","hentry","clearfix"],"_links":{"self":[{"href":"https:\/\/przedszkole1.edu.wroclaw.pl\/index.php\/wp-json\/wp\/v2\/pages\/2390","targetHints":{"allow":["GET"]}}],"collection":[{"href":"https:\/\/przedszkole1.edu.wroclaw.pl\/index.php\/wp-json\/wp\/v2\/pages"}],"about":[{"href":"https:\/\/przedszkole1.edu.wroclaw.pl\/index.php\/wp-json\/wp\/v2\/types\/page"}],"author":[{"embeddable":true,"href":"https:\/\/przedszkole1.edu.wroclaw.pl\/index.php\/wp-json\/wp\/v2\/users\/72"}],"replies":[{"embeddable":true,"href":"https:\/\/przedszkole1.edu.wroclaw.pl\/index.php\/wp-json\/wp\/v2\/comments?post=2390"}],"version-history":[{"count":8,"href":"https:\/\/przedszkole1.edu.wroclaw.pl\/index.php\/wp-json\/wp\/v2\/pages\/2390\/revisions"}],"predecessor-version":[{"id":4312,"href":"https:\/\/przedszkole1.edu.wroclaw.pl\/index.php\/wp-json\/wp\/v2\/pages\/2390\/revisions\/4312"}],"up":[{"embeddable":true,"href":"https:\/\/przedszkole1.edu.wroclaw.pl\/index.php\/wp-json\/wp\/v2\/pages\/74"}],"wp:attachment":[{"href":"https:\/\/przedszkole1.edu.wroclaw.pl\/index.php\/wp-json\/wp\/v2\/media?parent=2390"}],"curies":[{"name":"wp","href":"https:\/\/api.w.org\/{rel}","templated":true}]}}