
{"id":78,"date":"2017-12-05T12:07:50","date_gmt":"2017-12-05T11:07:50","guid":{"rendered":"https:\/\/przedszkole1.edu.wroclaw.pl\/?page_id=78"},"modified":"2022-04-07T13:40:35","modified_gmt":"2022-04-07T11:40:35","slug":"o-nas","status":"publish","type":"page","link":"https:\/\/przedszkole1.edu.wroclaw.pl\/index.php\/o-przedszkolu\/o-nas\/","title":{"rendered":"O nas"},"content":{"rendered":"<div class=\"wpb-content-wrapper\"><p>[vc_row][vc_column][vc_column_text css_animation=&#8221;bounceInLeft&#8221;]<\/p>\n<ul>\n<li><span style=\"font-size: 18pt;\">Jeste\u015bmy przedszkolem artystycznym ukierunkowanym na teatr.<\/span><\/li>\n<li><span style=\"font-size: 18pt;\">Stawiamy na rozw\u00f3j indywidualny i potencja\u0142 tw\u00f3rczy przedszkolaka.<\/span><\/li>\n<li><span style=\"font-size: 18pt;\">Kszta\u0142tujemy wra\u017cliwo\u015b\u0107, pobudzamy wyobra\u017ani\u0119 i wychowujemy.<\/span><\/li>\n<li><span style=\"font-size: 18pt;\">Przygotowujemy malucha do szko\u0142y tak, aby nowe zadania traktowa\u0142 jako kolejn\u0105 przygod\u0119.<\/span><\/li>\n<li><span style=\"font-size: 18pt;\">Twoje dziecko uwierzy we w\u0142asne mo\u017cliwo\u015bci i b\u0119dzie odwa\u017cnie podejmowa\u0107 wyzwania.<\/span><\/li>\n<li><span style=\"font-size: 18pt;\">Nasz przedszkolak jest otwarty, \u015bmia\u0142y i spontaniczny. Pogodnie spostrzega \u015bwiat, akceptuje siebie i&nbsp;innych.<\/span><\/li>\n<li><span style=\"font-size: 18pt;\">Mamy w\u0142asn\u0105 kuchni\u0119 ze zdrowym \u017cywieniem.<\/span><\/li>\n<li><span style=\"font-size: 18pt;\">Jeste\u015bmy w projekcie przedszkoli promuj\u0105cych zdrowie.<\/span><\/li>\n<\/ul>\n<p>[\/vc_column_text][\/vc_column][\/vc_row]<\/p>\n<\/div>","protected":false},"excerpt":{"rendered":"<p>[vc_row][vc_column][vc_column_text css_animation=&#8221;bounceInLeft&#8221;] Jeste\u015bmy przedszkolem artystycznym ukierunkowanym na teatr. Stawiamy na rozw\u00f3j indywidualny i potencja\u0142 tw\u00f3rczy przedszkolaka. Kszta\u0142tujemy wra\u017cliwo\u015b\u0107, pobudzamy wyobra\u017ani\u0119 i wychowujemy. Przygotowujemy malucha do szko\u0142y tak, aby nowe zadania [&hellip;]<\/p>\n","protected":false},"author":72,"featured_media":0,"parent":72,"menu_order":0,"comment_status":"closed","ping_status":"closed","template":"","meta":{"ngg_post_thumbnail":0,"footnotes":""},"class_list":["post-78","page","type-page","status-publish","hentry","clearfix"],"_links":{"self":[{"href":"https:\/\/przedszkole1.edu.wroclaw.pl\/index.php\/wp-json\/wp\/v2\/pages\/78","targetHints":{"allow":["GET"]}}],"collection":[{"href":"https:\/\/przedszkole1.edu.wroclaw.pl\/index.php\/wp-json\/wp\/v2\/pages"}],"about":[{"href":"https:\/\/przedszkole1.edu.wroclaw.pl\/index.php\/wp-json\/wp\/v2\/types\/page"}],"author":[{"embeddable":true,"href":"https:\/\/przedszkole1.edu.wroclaw.pl\/index.php\/wp-json\/wp\/v2\/users\/72"}],"replies":[{"embeddable":true,"href":"https:\/\/przedszkole1.edu.wroclaw.pl\/index.php\/wp-json\/wp\/v2\/comments?post=78"}],"version-history":[{"count":9,"href":"https:\/\/przedszkole1.edu.wroclaw.pl\/index.php\/wp-json\/wp\/v2\/pages\/78\/revisions"}],"predecessor-version":[{"id":2496,"href":"https:\/\/przedszkole1.edu.wroclaw.pl\/index.php\/wp-json\/wp\/v2\/pages\/78\/revisions\/2496"}],"up":[{"embeddable":true,"href":"https:\/\/przedszkole1.edu.wroclaw.pl\/index.php\/wp-json\/wp\/v2\/pages\/72"}],"wp:attachment":[{"href":"https:\/\/przedszkole1.edu.wroclaw.pl\/index.php\/wp-json\/wp\/v2\/media?parent=78"}],"curies":[{"name":"wp","href":"https:\/\/api.w.org\/{rel}","templated":true}]}}