
{"id":82,"date":"2017-12-05T12:08:35","date_gmt":"2017-12-05T11:08:35","guid":{"rendered":"https:\/\/przedszkole1.edu.wroclaw.pl\/?page_id=82"},"modified":"2026-01-28T09:57:14","modified_gmt":"2026-01-28T08:57:14","slug":"statut","status":"publish","type":"page","link":"https:\/\/przedszkole1.edu.wroclaw.pl\/index.php\/o-przedszkolu\/statut\/","title":{"rendered":"Statut"},"content":{"rendered":"<div class=\"wpb-content-wrapper\"><p>[vc_row][vc_column][vc_column_text css=&#8221;&#8221;]<span style=\"font-size: 18pt\"><a href=\"https:\/\/przedszkole1.edu.wroclaw.pl\/wp-content\/uploads\/sites\/34\/2025\/09\/Statut-przedszkola-1-wrzesien\u0301-2025-r.pdf\">Statut Przedszkola nr1 Planeta U\u015bmiechu<\/a><\/span><\/p>\n<p><span style=\"font-size: 18pt\"><a href=\"https:\/\/przedszkole1.edu.wroclaw.pl\/wp-content\/uploads\/sites\/34\/2025\/02\/Deklaracja-z-dostepnosci-2025-r.-.pdf\">Deklaracja dost\u0119pno\u015bci 2025 r.<\/a><\/span><\/p>\n<p><span style=\"font-size: 14pt\"><a href=\"https:\/\/przedszkole1.edu.wroclaw.pl\/wp-content\/uploads\/sites\/34\/2026\/01\/KSeF-wystawianie-faktur-dla-Prz-edszkola-nr-1-Planeta-Usmiechu.pdf\">KSeF &#8211; wystawianie faktur dla Prz edszkola nr 1 Planeta U\u015bmiechu<\/a><\/span>[\/vc_column_text][\/vc_column][\/vc_row]<\/p>\n<\/div>","protected":false},"excerpt":{"rendered":"<p>[vc_row][vc_column][vc_column_text css=&#8221;&#8221;]Statut Przedszkola nr1 Planeta U\u015bmiechu Deklaracja dost\u0119pno\u015bci 2025 r. KSeF &#8211; wystawianie faktur dla Prz edszkola nr 1 Planeta U\u015bmiechu[\/vc_column_text][\/vc_column][\/vc_row]<\/p>\n","protected":false},"author":72,"featured_media":0,"parent":72,"menu_order":0,"comment_status":"closed","ping_status":"closed","template":"","meta":{"ngg_post_thumbnail":0,"footnotes":""},"class_list":["post-82","page","type-page","status-publish","hentry","clearfix"],"_links":{"self":[{"href":"https:\/\/przedszkole1.edu.wroclaw.pl\/index.php\/wp-json\/wp\/v2\/pages\/82","targetHints":{"allow":["GET"]}}],"collection":[{"href":"https:\/\/przedszkole1.edu.wroclaw.pl\/index.php\/wp-json\/wp\/v2\/pages"}],"about":[{"href":"https:\/\/przedszkole1.edu.wroclaw.pl\/index.php\/wp-json\/wp\/v2\/types\/page"}],"author":[{"embeddable":true,"href":"https:\/\/przedszkole1.edu.wroclaw.pl\/index.php\/wp-json\/wp\/v2\/users\/72"}],"replies":[{"embeddable":true,"href":"https:\/\/przedszkole1.edu.wroclaw.pl\/index.php\/wp-json\/wp\/v2\/comments?post=82"}],"version-history":[{"count":21,"href":"https:\/\/przedszkole1.edu.wroclaw.pl\/index.php\/wp-json\/wp\/v2\/pages\/82\/revisions"}],"predecessor-version":[{"id":4311,"href":"https:\/\/przedszkole1.edu.wroclaw.pl\/index.php\/wp-json\/wp\/v2\/pages\/82\/revisions\/4311"}],"up":[{"embeddable":true,"href":"https:\/\/przedszkole1.edu.wroclaw.pl\/index.php\/wp-json\/wp\/v2\/pages\/72"}],"wp:attachment":[{"href":"https:\/\/przedszkole1.edu.wroclaw.pl\/index.php\/wp-json\/wp\/v2\/media?parent=82"}],"curies":[{"name":"wp","href":"https:\/\/api.w.org\/{rel}","templated":true}]}}