
{"id":88,"date":"2017-12-05T12:10:23","date_gmt":"2017-12-05T11:10:23","guid":{"rendered":"https:\/\/przedszkole1.edu.wroclaw.pl\/?page_id=88"},"modified":"2023-09-04T13:51:57","modified_gmt":"2023-09-04T11:51:57","slug":"zajecia-dodatkowe","status":"publish","type":"page","link":"https:\/\/przedszkole1.edu.wroclaw.pl\/index.php\/strefa-rodzica\/zajecia-dodatkowe\/","title":{"rendered":"Zaj\u0119cia dodatkowe"},"content":{"rendered":"<div class=\"wpb-content-wrapper\"><p>[vc_row][vc_column][vc_column_text css_animation=&#8221;fadeInRight&#8221;]<\/p>\n<h3><span style=\"font-size: 18pt\">Zaj\u0119cia dodatkowe oferowane przez Przedszkole<\/span><\/h3>\n<ul>\n<li><span style=\"font-size: 18pt\">j\u0119zyk angielski;<\/span><\/li>\n<li><span style=\"font-size: 18pt\">gimnastyka og\u00f3lnorozwojowa;<\/span><\/li>\n<li><span style=\"font-size: 18pt\">logopedia;<\/span><\/li>\n<li><span style=\"font-size: 18pt\">warsztaty ceramiczne<\/span><\/li>\n<li><span style=\"font-size: 18pt\">warsztaty muzyczno-teatralne<\/span><\/li>\n<li><span style=\"font-size: 18pt\">warsztaty rytmiczne<\/span><\/li>\n<li><span style=\"font-size: 18pt\">religia<\/span><\/li>\n<li><span style=\"font-size: 18pt\">realizacja projektu &#8222;Mali Wspaniali&#8221;<\/span><\/li>\n<\/ul>\n<p>[\/vc_column_text][\/vc_column][\/vc_row][vc_row][vc_column][vc_column_text]<span style=\"font-size: 14pt\"><a href=\"https:\/\/przedszkole1.edu.wroclaw.pl\/wp-content\/uploads\/sites\/34\/2023\/09\/Procedura-bezpieczenstwa-dzieci-podczas-pobytu-P1.pdf\">Procedura bezpiecze\u0144stwa dzieci podczas pobytu P1<\/a><\/span>[\/vc_column_text][\/vc_column][\/vc_row]<\/p>\n<\/div>","protected":false},"excerpt":{"rendered":"<p>[vc_row][vc_column][vc_column_text css_animation=&#8221;fadeInRight&#8221;] Zaj\u0119cia dodatkowe oferowane przez Przedszkole j\u0119zyk angielski; gimnastyka og\u00f3lnorozwojowa; logopedia; warsztaty ceramiczne warsztaty muzyczno-teatralne warsztaty rytmiczne religia realizacja projektu &#8222;Mali Wspaniali&#8221; [\/vc_column_text][\/vc_column][\/vc_row][vc_row][vc_column][vc_column_text]Procedura bezpiecze\u0144stwa dzieci podczas pobytu P1[\/vc_column_text][\/vc_column][\/vc_row]<\/p>\n","protected":false},"author":72,"featured_media":0,"parent":74,"menu_order":0,"comment_status":"closed","ping_status":"closed","template":"","meta":{"ngg_post_thumbnail":0,"footnotes":""},"class_list":["post-88","page","type-page","status-publish","hentry","clearfix"],"_links":{"self":[{"href":"https:\/\/przedszkole1.edu.wroclaw.pl\/index.php\/wp-json\/wp\/v2\/pages\/88","targetHints":{"allow":["GET"]}}],"collection":[{"href":"https:\/\/przedszkole1.edu.wroclaw.pl\/index.php\/wp-json\/wp\/v2\/pages"}],"about":[{"href":"https:\/\/przedszkole1.edu.wroclaw.pl\/index.php\/wp-json\/wp\/v2\/types\/page"}],"author":[{"embeddable":true,"href":"https:\/\/przedszkole1.edu.wroclaw.pl\/index.php\/wp-json\/wp\/v2\/users\/72"}],"replies":[{"embeddable":true,"href":"https:\/\/przedszkole1.edu.wroclaw.pl\/index.php\/wp-json\/wp\/v2\/comments?post=88"}],"version-history":[{"count":25,"href":"https:\/\/przedszkole1.edu.wroclaw.pl\/index.php\/wp-json\/wp\/v2\/pages\/88\/revisions"}],"predecessor-version":[{"id":3306,"href":"https:\/\/przedszkole1.edu.wroclaw.pl\/index.php\/wp-json\/wp\/v2\/pages\/88\/revisions\/3306"}],"up":[{"embeddable":true,"href":"https:\/\/przedszkole1.edu.wroclaw.pl\/index.php\/wp-json\/wp\/v2\/pages\/74"}],"wp:attachment":[{"href":"https:\/\/przedszkole1.edu.wroclaw.pl\/index.php\/wp-json\/wp\/v2\/media?parent=88"}],"curies":[{"name":"wp","href":"https:\/\/api.w.org\/{rel}","templated":true}]}}