
{"id":90,"date":"2017-12-05T12:11:01","date_gmt":"2017-12-05T11:11:01","guid":{"rendered":"https:\/\/przedszkole1.edu.wroclaw.pl\/?page_id=90"},"modified":"2025-12-05T19:46:30","modified_gmt":"2025-12-05T18:46:30","slug":"organizacja-grupy","status":"publish","type":"page","link":"https:\/\/przedszkole1.edu.wroclaw.pl\/index.php\/strefa-rodzica\/organizacja-grupy\/","title":{"rendered":"Organizacja + grupy"},"content":{"rendered":"<div class=\"wpb-content-wrapper\"><p>[vc_row][vc_column][vc_column_text css_animation=&#8221;lightSpeedIn&#8221; css=&#8221;&#8221;]<\/p>\n<h3>Organizacja<\/h3>\n<p>Przedszkole jest czynne od poniedzia\u0142ku do pi\u0105tku, przez ca\u0142y rok szkolny w godzinach od 6:30 do 17:00 z wyj\u0105tkiem miesi\u0119cznej przerwy wakacyjnej (lipiec lub sierpie\u0144), \u015bwi\u0105t i dni ustawowo wolnych od pracy.<\/p>\n<p>Przedszkole posiada w\u0142asn\u0105 kuchni\u0119, w kt\u00f3rej przygotowywane s\u0105 wszystkie posi\u0142ki dla dzieci.<\/p>\n<p>&nbsp;<\/p>\n<p><strong><a href=\"https:\/\/przedszkole1.edu.wroclaw.pl\/wp-content\/uploads\/sites\/34\/2018\/02\/Regulamin-spacer\u00f3w-wycieczek-2018-r..pdf\">Regulamin spacer\u00f3w, wycieczek<\/a><\/strong><\/p>\n<p><strong><a href=\"https:\/\/przedszkole1.edu.wroclaw.pl\/wp-content\/uploads\/sites\/34\/2023\/09\/Procedura-bezpieczenstwa-dzieci-podczas-pobytu-P1.pdf\">Procedura bezpiecze\u0144stwa dzieci podczas pobytu P1<\/a><\/strong><\/p>\n<p><strong><a href=\"https:\/\/przedszkole1.edu.wroclaw.pl\/wp-content\/uploads\/sites\/34\/2018\/10\/REGULAMIN-ELEKTRONICZNEJ-EWIDENCJI-CZASU-POBYTU-DZIECKA-W.pdf\">Regulamin elektronicznej ewidencji czasu pobytu dziecka w przedszkolu<\/a><\/strong><\/p>\n<p><a href=\"https:\/\/www.rpo.gov.pl\">Rzecznik Praw Obywatelskich<\/a><\/p>\n<p><strong>W roku szkolnym 2025\/2026 przerwa wakacyjna jest w miesi\u0105cu lipcu.<\/strong><\/p>\n<h3>Grupy<\/h3>\n<p>Dzieci ucz\u0119szczaj\u0105 do nast\u0119puj\u0105cych grup:<\/p>\n<ul>\n<li><strong>grupa I &#8222;Je\u017cyki&#8221;<\/strong><\/li>\n<\/ul>\n<p>Nauczycielki: Pani Ewa B., Pani Joanna, Pani Kamila<\/p>\n<ul>\n<li><strong>grupa II &#8222;Misie&#8221;<\/strong><\/li>\n<\/ul>\n<p>Nauczycielki: Pani Iza, Pani Iryna<\/p>\n<ul>\n<li><strong>grupa III &#8222;Wiewi\u00f3rki&#8221;<\/strong><\/li>\n<\/ul>\n<p>Nauczycielki: Pani Iwona, Pani Monika<\/p>\n<ul>\n<li><strong>grupa IV &#8222;Zaj\u0105czki&#8221;<\/strong><\/li>\n<\/ul>\n<p>Nauczycielki: Pani Zosia, Pani Ewa[\/vc_column_text][\/vc_column][\/vc_row]<\/p>\n<\/div>","protected":false},"excerpt":{"rendered":"<p>[vc_row][vc_column][vc_column_text css_animation=&#8221;lightSpeedIn&#8221; css=&#8221;&#8221;] Organizacja Przedszkole jest czynne od poniedzia\u0142ku do pi\u0105tku, przez ca\u0142y rok szkolny w godzinach od 6:30 do 17:00 z wyj\u0105tkiem miesi\u0119cznej przerwy wakacyjnej (lipiec lub sierpie\u0144), \u015bwi\u0105t [&hellip;]<\/p>\n","protected":false},"author":72,"featured_media":0,"parent":74,"menu_order":0,"comment_status":"closed","ping_status":"closed","template":"","meta":{"ngg_post_thumbnail":0,"footnotes":""},"class_list":["post-90","page","type-page","status-publish","hentry","clearfix"],"_links":{"self":[{"href":"https:\/\/przedszkole1.edu.wroclaw.pl\/index.php\/wp-json\/wp\/v2\/pages\/90","targetHints":{"allow":["GET"]}}],"collection":[{"href":"https:\/\/przedszkole1.edu.wroclaw.pl\/index.php\/wp-json\/wp\/v2\/pages"}],"about":[{"href":"https:\/\/przedszkole1.edu.wroclaw.pl\/index.php\/wp-json\/wp\/v2\/types\/page"}],"author":[{"embeddable":true,"href":"https:\/\/przedszkole1.edu.wroclaw.pl\/index.php\/wp-json\/wp\/v2\/users\/72"}],"replies":[{"embeddable":true,"href":"https:\/\/przedszkole1.edu.wroclaw.pl\/index.php\/wp-json\/wp\/v2\/comments?post=90"}],"version-history":[{"count":30,"href":"https:\/\/przedszkole1.edu.wroclaw.pl\/index.php\/wp-json\/wp\/v2\/pages\/90\/revisions"}],"predecessor-version":[{"id":4307,"href":"https:\/\/przedszkole1.edu.wroclaw.pl\/index.php\/wp-json\/wp\/v2\/pages\/90\/revisions\/4307"}],"up":[{"embeddable":true,"href":"https:\/\/przedszkole1.edu.wroclaw.pl\/index.php\/wp-json\/wp\/v2\/pages\/74"}],"wp:attachment":[{"href":"https:\/\/przedszkole1.edu.wroclaw.pl\/index.php\/wp-json\/wp\/v2\/media?parent=90"}],"curies":[{"name":"wp","href":"https:\/\/api.w.org\/{rel}","templated":true}]}}