
{"id":92,"date":"2017-12-05T12:11:29","date_gmt":"2017-12-05T11:11:29","guid":{"rendered":"https:\/\/przedszkole1.edu.wroclaw.pl\/?page_id=92"},"modified":"2022-04-07T14:08:57","modified_gmt":"2022-04-07T12:08:57","slug":"plan-dnia","status":"publish","type":"page","link":"https:\/\/przedszkole1.edu.wroclaw.pl\/index.php\/strefa-rodzica\/plan-dnia\/","title":{"rendered":"Plan dnia"},"content":{"rendered":"<div class=\"wpb-content-wrapper\"><p>[vc_row][vc_column][vc_column_text css_animation=&#8221;fadeInUp&#8221;]<span style=\"font-size: 18pt;\"><strong>06:30 &#8211; 08:15<\/strong> Schodzenie si\u0119 dzieci, zabawy organizowane integruj\u0105ce grup\u0119&nbsp; oraz zabawy dowolne s\u0142u\u017c\u0105ce realizacji pomys\u0142\u00f3w dzieci<\/span><br \/>\n<span style=\"font-size: 18pt;\"><strong>08:15 &#8211; 08:30<\/strong> Zabawy orientacyjno-porz\u0105dkowe oraz czynno\u015bci higieniczne<\/span><br \/>\n<span style=\"font-size: 18pt;\"><strong>08:30 &#8211; 09:00<\/strong> \u015aniadanie<\/span><br \/>\n<span style=\"font-size: 18pt;\"><strong>09:00 &#8211; 10:00<\/strong> Realizacja zada\u0144 edukacyjnych poprzez zaj\u0119cia z grup\u0105; zaj\u0119cia dodatkowe<\/span><br \/>\n<span style=\"font-size: 18pt;\"><strong>10:00 &#8211; 11:00<\/strong> Zabawy dowolne dzieci i kierowane przez nauczyciela na \u015bwie\u017cym powietrzu, spacery oraz zaj\u0119cia dodatkowe; zabawy ruchowe<\/span><br \/>\n<span style=\"font-size: 18pt;\"><strong>11:00 &#8211; 11:15<\/strong> Przygotowanie do obiadu &#8211; czynno\u015bci higieniczne<\/span><br \/>\n<span style=\"font-size: 18pt;\"><strong>11:15 &#8211; 11:30<\/strong> zupa + deser<\/span><br \/>\n<span style=\"font-size: 18pt;\"><strong>11:30 &#8211; 11:45<\/strong> Przygotowanie grupy I do le\u017cakowania<\/span><br \/>\n<span style=\"font-size: 18pt;\"><strong>11:45 &#8211; 13:00<\/strong> Le\u017cakowanie grupy I<\/span><br \/>\n<span style=\"font-size: 18pt;\"><strong>11:30 &#8211; 13:00<\/strong> grupy II, III i IV zabawy organizowane i dowolne w sali lub na powietrzu<\/span><br \/>\n<span style=\"font-size: 18pt;\"><strong>13:00 &#8211; 13:15<\/strong> Czynno\u015bci higieniczne<\/span><br \/>\n<span style=\"font-size: 18pt;\"><strong>13:15 &#8211; 14:00<\/strong> drugie danie + owoc<\/span><br \/>\n<span style=\"font-size: 18pt;\"><strong>14:00 &#8211; 17:00<\/strong> Zabawy dydaktyczne i dowolne w sali lub na powietrzu zgodne z mo\u017cliwo\u015bciami i potrzebami dzieci ; zaj\u0119cia dodatkowe dla dzieci o szczeg\u00f3lnych zainteresowaniach; odbieranie dzieci z przedszkola<\/span>[\/vc_column_text][\/vc_column][\/vc_row]<\/p>\n<\/div>","protected":false},"excerpt":{"rendered":"<p>[vc_row][vc_column][vc_column_text css_animation=&#8221;fadeInUp&#8221;]06:30 &#8211; 08:15 Schodzenie si\u0119 dzieci, zabawy organizowane integruj\u0105ce grup\u0119&nbsp; oraz zabawy dowolne s\u0142u\u017c\u0105ce realizacji pomys\u0142\u00f3w dzieci 08:15 &#8211; 08:30 Zabawy orientacyjno-porz\u0105dkowe oraz czynno\u015bci higieniczne 08:30 &#8211; 09:00 \u015aniadanie [&hellip;]<\/p>\n","protected":false},"author":72,"featured_media":0,"parent":74,"menu_order":0,"comment_status":"closed","ping_status":"closed","template":"","meta":{"ngg_post_thumbnail":0,"footnotes":""},"class_list":["post-92","page","type-page","status-publish","hentry","clearfix"],"_links":{"self":[{"href":"https:\/\/przedszkole1.edu.wroclaw.pl\/index.php\/wp-json\/wp\/v2\/pages\/92","targetHints":{"allow":["GET"]}}],"collection":[{"href":"https:\/\/przedszkole1.edu.wroclaw.pl\/index.php\/wp-json\/wp\/v2\/pages"}],"about":[{"href":"https:\/\/przedszkole1.edu.wroclaw.pl\/index.php\/wp-json\/wp\/v2\/types\/page"}],"author":[{"embeddable":true,"href":"https:\/\/przedszkole1.edu.wroclaw.pl\/index.php\/wp-json\/wp\/v2\/users\/72"}],"replies":[{"embeddable":true,"href":"https:\/\/przedszkole1.edu.wroclaw.pl\/index.php\/wp-json\/wp\/v2\/comments?post=92"}],"version-history":[{"count":8,"href":"https:\/\/przedszkole1.edu.wroclaw.pl\/index.php\/wp-json\/wp\/v2\/pages\/92\/revisions"}],"predecessor-version":[{"id":2502,"href":"https:\/\/przedszkole1.edu.wroclaw.pl\/index.php\/wp-json\/wp\/v2\/pages\/92\/revisions\/2502"}],"up":[{"embeddable":true,"href":"https:\/\/przedszkole1.edu.wroclaw.pl\/index.php\/wp-json\/wp\/v2\/pages\/74"}],"wp:attachment":[{"href":"https:\/\/przedszkole1.edu.wroclaw.pl\/index.php\/wp-json\/wp\/v2\/media?parent=92"}],"curies":[{"name":"wp","href":"https:\/\/api.w.org\/{rel}","templated":true}]}}